{"id":7594,"date":"2022-11-21T10:40:08","date_gmt":"2022-11-21T10:40:08","guid":{"rendered":"https:\/\/www.focusin-holisticlifestyle.com\/iz-medija\/"},"modified":"2023-02-20T06:25:01","modified_gmt":"2023-02-20T06:25:01","slug":"media","status":"publish","type":"page","link":"https:\/\/www.focusin-holisticlifestyle.com\/en\/media\/","title":{"rendered":"Media"},"content":{"rendered":"<div class=\"wpb-content-wrapper\"><p>[vc_row][vc_column width=&#8221;2\/3&#8243;]<ul id=\"cz_33109\" class=\"cz_33109 cz_stylish_list clr cz_sl_icon_hover_zoom_in\"><li class=\"clr\"><a href=\"https:\/\/bit.ly\/3YEc5x2\"><div class=\"cz_sl_icon\"><i class=\"fa czico-108-link-2 mr10\" ><\/i><\/div><div><span>Mo\u017ee li se izlije\u010diti neuroza? <\/span><\/div><\/a><\/li><li class=\"clr\"><a href=\"https:\/\/bit.ly\/3XzEnHE\"><div class=\"cz_sl_icon\"><i class=\"fa czico-108-link-2 mr10\" ><\/i><\/div><div><span>17 osobina za svjesno upravljanje emocijama<\/span><\/div><\/a><\/li><li class=\"clr\"><a href=\"https:\/\/bit.ly\/3lm2En7\"><div class=\"cz_sl_icon\"><i class=\"fa czico-108-link-2 mr10\" ><\/i><\/div><div><span>Kako i s \u010dim punite svoj bankovni ra\u010dun?<\/span><\/div><\/a><\/li><li class=\"clr\"><a href=\"https:\/\/bit.ly\/3leXh9k\"><div class=\"cz_sl_icon\"><i class=\"fa czico-108-link-2 mr10\" ><\/i><\/div><div><span>Jesu li prirodne katastrofe znak posljednjih vremena?<\/span><\/div><\/a><\/li><li class=\"clr\"><a href=\"https:\/\/bit.ly\/3wWle7U\"><div class=\"cz_sl_icon\"><i class=\"fa czico-108-link-2 mr10\" ><\/i><\/div><div><span>Kako prepoznati depresiju kod mladih?<\/span><\/div><\/a><\/li><li class=\"clr\"><a href=\"https:\/\/bit.ly\/3kZOS9r\"><div class=\"cz_sl_icon\"><i class=\"fa czico-108-link-2 mr10\" ><\/i><\/div><div><span>Prona\u0111i sebe - tamo su svi odgovori<\/span><\/div><\/a><\/li><li class=\"clr\"><a href=\"https:\/\/bit.ly\/3X0GT9w\"><div class=\"cz_sl_icon\"><i class=\"fa czico-108-link-2 mr10\" ><\/i><\/div><div><span>Mogu li narcisoidne osobe voljeti djecu?<\/span><\/div><\/a><\/li><li class=\"clr\"><a href=\"https:\/\/bit.ly\/3l7zdFo\"><div class=\"cz_sl_icon\"><i class=\"fa czico-108-link-2 mr10\" ><\/i><\/div><div><span>Kad te \u017eivot nokautira<\/span><\/div><\/a><\/li><li class=\"clr\"><a href=\"https:\/\/bit.ly\/3IRiaAX\"><div class=\"cz_sl_icon\"><i class=\"fa czico-108-link-2 mr10\" ><\/i><\/div><div><span>Za\u0161to je tako te\u0161ko iza\u0107i iz depresije?<\/span><\/div><\/a><\/li><li class=\"clr\"><a href=\"https:\/\/bit.ly\/3QvB6XQ\"><div class=\"cz_sl_icon\"><i class=\"fa czico-108-link-2 mr10\" ><\/i><\/div><div><span>Ima li veza s osobom koja ima narcisoidni poreme\u0107aj osobnosti ikakvu budu\u0107nost? <\/span><\/div><\/a><\/li><li class=\"clr\"><a href=\"https:\/\/bit.ly\/3PRDIPD\"><div class=\"cz_sl_icon\"><i class=\"fa czico-108-link-2 mr10\" ><\/i><\/div><div><span>Utjecaj blagdana na mentalno zdravlje<\/span><\/div><\/a><\/li><li class=\"clr\"><a href=\"https:\/\/bit.ly\/3X2S8in\"><div class=\"cz_sl_icon\"><i class=\"fa czico-108-link-2 mr10\" ><\/i><\/div><div><span>Einsteinova formula sre\u0107e<\/span><\/div><\/a><\/li><li class=\"clr\"><a href=\"https:\/\/bit.ly\/3PdQffZ\"><div class=\"cz_sl_icon\"><i class=\"fa czico-108-link-2 mr10\" ><\/i><\/div><div><span>Kako prepoznati toksi\u010dne roditelje<\/span><\/div><\/a><\/li><li class=\"clr\"><a href=\"https:\/\/bit.ly\/3EYCVIE\"><div class=\"cz_sl_icon\"><i class=\"fa czico-108-link-2 mr10\" ><\/i><\/div><div><span>How to keep your home and family life protected and balanced? <\/span><\/div><\/a><\/li><li class=\"clr\"><a href=\"https:\/\/bit.ly\/3ucYAqz\"><div class=\"cz_sl_icon\"><i class=\"fa czico-108-link-2 mr10\" ><\/i><\/div><div><span>Kako vas ubijaju autoimune bolesti \u2013 sporo i polako?<\/span><\/div><\/a><\/li><li class=\"clr\"><a href=\"https:\/\/bit.ly\/3tD1a8R\"><div class=\"cz_sl_icon\"><i class=\"fa czico-108-link-2 mr10\" ><\/i><\/div><div><span>Kako da znam tko je prava osoba za mene? <\/span><\/div><\/a><\/li><li class=\"clr\"><a href=\"https:\/\/bit.ly\/3zMkgNl\"><div class=\"cz_sl_icon\"><i class=\"fa czico-108-link-2 mr10\" ><\/i><\/div><div><span>Kako vas svakodnevno hakiraju<\/span><\/div><\/a><\/li><li class=\"clr\"><a href=\"https:\/\/bit.ly\/3gTxQb5\"><div class=\"cz_sl_icon\"><i class=\"fa czico-108-link-2 mr10\" ><\/i><\/div><div><span>\u0160to te ne ubije, uni\u0161ti ti mozak!<\/span><\/div><\/a><\/li><li class=\"clr\"><a href=\"https:\/\/bit.ly\/3U9YDOE\"><div class=\"cz_sl_icon\"><i class=\"fa czico-108-link-2 mr10\" ><\/i><\/div><div><span>Holisti\u010dki pristup u lije\u010denje anksioznosti<\/span><\/div><\/a><\/li><li class=\"clr\"><a href=\"https:\/\/bit.ly\/3NhNZDc\"><div class=\"cz_sl_icon\"><i class=\"fa czico-108-link-2 mr10\" ><\/i><\/div><div><span>Budite sami redatelj svog \u017eivota<\/span><\/div><\/a><\/li><li class=\"clr\"><a href=\"https:\/\/bit.ly\/3g6HlmW\"><div class=\"cz_sl_icon\"><i class=\"fa czico-108-link-2 mr10\" ><\/i><\/div><div><span>TEST: Jeste li iza\u0161li iz balansa i \u0161to je to \u0161to remeti va\u0161u ravnote\u017eu<\/span><\/div><\/a><\/li><li class=\"clr\"><a href=\"https:\/\/bit.ly\/3CLpJWI\"><div class=\"cz_sl_icon\"><i class=\"fa czico-108-link-2 mr10\" ><\/i><\/div><div><span>Jeste li uvijek gladni pa\u017enje i ljubavi?<\/span><\/div><\/a><\/li><li class=\"clr\"><a href=\"https:\/\/bit.ly\/3ysalfj\"><div class=\"cz_sl_icon\"><i class=\"fa czico-108-link-2 mr10\" ><\/i><\/div><div><span>Neobja\u0161njiva bol koja vam uni\u0161tava \u017eivot: Psihosomatika kao uzrok boli u le\u0111ima<\/span><\/div><\/a><\/li><li class=\"clr\"><a href=\"https:\/\/bit.ly\/3fDQSl5\"><div class=\"cz_sl_icon\"><i class=\"fa czico-108-link-2 mr10\" ><\/i><\/div><div><span>Ne mo\u017ee se pre\u010dacem do sre\u0107e<\/span><\/div><\/a><\/li><li class=\"clr\"><a href=\"https:\/\/bit.ly\/3SPjmqm\"><div class=\"cz_sl_icon\"><i class=\"fa czico-108-link-2 mr10\" ><\/i><\/div><div><span>Prvo zavoli sebe pa \u0107ete i drugi zavoljeti<\/span><\/div><\/a><\/li><li class=\"clr\"><a href=\"https:\/\/bit.ly\/3M4JEmo\"><div class=\"cz_sl_icon\"><i class=\"fa czico-108-link-2 mr10\" ><\/i><\/div><div><span>Don\u2019t Worry & Be Happy - velika zabluda!: Toksi\u010dne predrasude o sre\u0107i koje zapravo pove\u0107avaju<\/span><\/div><\/a><\/li><li class=\"clr\"><a href=\"https:\/\/bit.ly\/3CxpPRJ\"><div class=\"cz_sl_icon\"><i class=\"fa czico-108-link-2 mr10\" ><\/i><\/div><div><span>Nedostatak ljubavi kao uzrok svih neuroza<\/span><\/div><\/a><\/li><li class=\"clr\"><a href=\"https:\/\/bit.ly\/3SXehwu\"><div class=\"cz_sl_icon\"><i class=\"fa czico-108-link-2 mr10\" ><\/i><\/div><div><span>Psihi\u010dki problemi nisu bezazleni - Kome da se obratim?<\/span><\/div><\/a><\/li><li class=\"clr\"><a href=\"https:\/\/bit.ly\/3yeYRvl\"><div class=\"cz_sl_icon\"><i class=\"fa czico-108-link-2 mr10\" ><\/i><\/div><div><span>\u010cak i kratkotrajno izlaganje porno sadr\u017eaju je pogubno za na\u0161u psihu i duh!<\/span><\/div><\/a><\/li><li class=\"clr\"><a href=\"https:\/\/bit.ly\/3V4zk1J\"><div class=\"cz_sl_icon\"><i class=\"fa czico-108-link-2 mr10\" ><\/i><\/div><div><span>Depresija i suicid - S.O.S. Ne mogu vi\u0161e!<\/span><\/div><\/a><\/li><li class=\"clr\"><a href=\"https:\/\/bit.ly\/3rujTTe\"><div class=\"cz_sl_icon\"><i class=\"fa czico-108-link-2 mr10\" ><\/i><\/div><div><span>\u0160to je duhovni imunitet i kako ga osna\u017eiti?<\/span><\/div><\/a><\/li><li class=\"clr\"><a href=\"https:\/\/bit.ly\/3CxxYVW\"><div class=\"cz_sl_icon\"><i class=\"fa czico-108-link-2 mr10\" ><\/i><\/div><div><span>Iscijelite se zagrljajem!<\/span><\/div><\/a><\/li><li class=\"clr\"><a href=\"https:\/\/bit.ly\/3eaRLRL\"><div class=\"cz_sl_icon\"><i class=\"fa czico-108-link-2 mr10\" ><\/i><\/div><div><span>Kako do mira u ku\u0107i?<\/span><\/div><\/a><\/li><\/ul>[vc_video link=&#8221;https:\/\/www.youtube.com\/@holistichealthandlifestyle1669&#8243; title=&#8221;Subscribe to my Yout Tube channel!&#8221;][\/vc_column][vc_column width=&#8221;1\/3&#8243;][\/vc_column][\/vc_row]<\/p>\n<\/div>","protected":false},"excerpt":{"rendered":"<p>[vc_row][vc_column width=&#8221;2\/3&#8243;][vc_video link=&#8221;https:\/\/www.youtube.com\/@holistichealthandlifestyle1669&#8243; title=&#8221;Subscribe to my Yout Tube channel!&#8221;][\/vc_column][vc_column width=&#8221;1\/3&#8243;][\/vc_column][\/vc_row] &#8230; <\/p>\n","protected":false},"author":1,"featured_media":8320,"parent":0,"menu_order":0,"comment_status":"closed","ping_status":"closed","template":"","meta":[],"yoast_head":"<!-- This site is optimized with the Yoast SEO plugin v20.1 - https:\/\/yoast.com\/wordpress\/plugins\/seo\/ -->\n<title>Media - FocusIN<\/title>\n<meta name=\"robots\" content=\"index, follow, max-snippet:-1, max-image-preview:large, max-video-preview:-1\" \/>\n<link rel=\"canonical\" href=\"https:\/\/www.focusin-holisticlifestyle.com\/en\/media\/\" \/>\n<meta property=\"og:locale\" content=\"en_US\" \/>\n<meta property=\"og:type\" content=\"article\" \/>\n<meta property=\"og:title\" content=\"Media - FocusIN\" \/>\n<meta property=\"og:description\" content=\"[vc_row][vc_column width=&#8221;2\/3&#8243;][vc_video link=&#8221;https:\/\/www.youtube.com\/@holistichealthandlifestyle1669&#8243; title=&#8221;Subscribe to my Yout Tube channel!&#8221;][\/vc_column][vc_column width=&#8221;1\/3&#8243;][\/vc_column][\/vc_row] ...\" \/>\n<meta property=\"og:url\" content=\"https:\/\/www.focusin-holisticlifestyle.com\/en\/media\/\" \/>\n<meta property=\"og:site_name\" content=\"FocusIN\" \/>\n<meta property=\"article:modified_time\" content=\"2023-02-20T06:25:01+00:00\" \/>\n<meta name=\"twitter:card\" content=\"summary_large_image\" \/>\n<meta name=\"twitter:label1\" content=\"Est. reading time\" \/>\n\t<meta name=\"twitter:data1\" content=\"1 minute\" \/>\n<script type=\"application\/ld+json\" class=\"yoast-schema-graph\">{\"@context\":\"https:\/\/schema.org\",\"@graph\":[{\"@type\":\"WebPage\",\"@id\":\"https:\/\/www.focusin-holisticlifestyle.com\/en\/media\/\",\"url\":\"https:\/\/www.focusin-holisticlifestyle.com\/en\/media\/\",\"name\":\"Media - FocusIN\",\"isPartOf\":{\"@id\":\"https:\/\/www.focusin-holisticlifestyle.com\/#website\"},\"datePublished\":\"2022-11-21T10:40:08+00:00\",\"dateModified\":\"2023-02-20T06:25:01+00:00\",\"breadcrumb\":{\"@id\":\"https:\/\/www.focusin-holisticlifestyle.com\/en\/media\/#breadcrumb\"},\"inLanguage\":\"en-US\",\"potentialAction\":[{\"@type\":\"ReadAction\",\"target\":[\"https:\/\/www.focusin-holisticlifestyle.com\/en\/media\/\"]}]},{\"@type\":\"BreadcrumbList\",\"@id\":\"https:\/\/www.focusin-holisticlifestyle.com\/en\/media\/#breadcrumb\",\"itemListElement\":[{\"@type\":\"ListItem\",\"position\":1,\"name\":\"Po\u010detna stranica\",\"item\":\"https:\/\/www.focusin-holisticlifestyle.com\/en\/\"},{\"@type\":\"ListItem\",\"position\":2,\"name\":\"Media\"}]},{\"@type\":\"WebSite\",\"@id\":\"https:\/\/www.focusin-holisticlifestyle.com\/#website\",\"url\":\"https:\/\/www.focusin-holisticlifestyle.com\/\",\"name\":\"FocusIN\",\"description\":\"Centar za Holisti\u010dki Stil \u017divota\",\"potentialAction\":[{\"@type\":\"SearchAction\",\"target\":{\"@type\":\"EntryPoint\",\"urlTemplate\":\"https:\/\/www.focusin-holisticlifestyle.com\/?s={search_term_string}\"},\"query-input\":\"required name=search_term_string\"}],\"inLanguage\":\"en-US\"}]}<\/script>\n<!-- \/ Yoast SEO plugin. -->","yoast_head_json":{"title":"Media - FocusIN","robots":{"index":"index","follow":"follow","max-snippet":"max-snippet:-1","max-image-preview":"max-image-preview:large","max-video-preview":"max-video-preview:-1"},"canonical":"https:\/\/www.focusin-holisticlifestyle.com\/en\/media\/","og_locale":"en_US","og_type":"article","og_title":"Media - FocusIN","og_description":"[vc_row][vc_column width=&#8221;2\/3&#8243;][vc_video link=&#8221;https:\/\/www.youtube.com\/@holistichealthandlifestyle1669&#8243; title=&#8221;Subscribe to my Yout Tube channel!&#8221;][\/vc_column][vc_column width=&#8221;1\/3&#8243;][\/vc_column][\/vc_row] ...","og_url":"https:\/\/www.focusin-holisticlifestyle.com\/en\/media\/","og_site_name":"FocusIN","article_modified_time":"2023-02-20T06:25:01+00:00","twitter_card":"summary_large_image","twitter_misc":{"Est. reading time":"1 minute"},"schema":{"@context":"https:\/\/schema.org","@graph":[{"@type":"WebPage","@id":"https:\/\/www.focusin-holisticlifestyle.com\/en\/media\/","url":"https:\/\/www.focusin-holisticlifestyle.com\/en\/media\/","name":"Media - FocusIN","isPartOf":{"@id":"https:\/\/www.focusin-holisticlifestyle.com\/#website"},"datePublished":"2022-11-21T10:40:08+00:00","dateModified":"2023-02-20T06:25:01+00:00","breadcrumb":{"@id":"https:\/\/www.focusin-holisticlifestyle.com\/en\/media\/#breadcrumb"},"inLanguage":"en-US","potentialAction":[{"@type":"ReadAction","target":["https:\/\/www.focusin-holisticlifestyle.com\/en\/media\/"]}]},{"@type":"BreadcrumbList","@id":"https:\/\/www.focusin-holisticlifestyle.com\/en\/media\/#breadcrumb","itemListElement":[{"@type":"ListItem","position":1,"name":"Po\u010detna stranica","item":"https:\/\/www.focusin-holisticlifestyle.com\/en\/"},{"@type":"ListItem","position":2,"name":"Media"}]},{"@type":"WebSite","@id":"https:\/\/www.focusin-holisticlifestyle.com\/#website","url":"https:\/\/www.focusin-holisticlifestyle.com\/","name":"FocusIN","description":"Centar za Holisti\u010dki Stil \u017divota","potentialAction":[{"@type":"SearchAction","target":{"@type":"EntryPoint","urlTemplate":"https:\/\/www.focusin-holisticlifestyle.com\/?s={search_term_string}"},"query-input":"required name=search_term_string"}],"inLanguage":"en-US"}]}},"_links":{"self":[{"href":"https:\/\/www.focusin-holisticlifestyle.com\/en\/wp-json\/wp\/v2\/pages\/7594"}],"collection":[{"href":"https:\/\/www.focusin-holisticlifestyle.com\/en\/wp-json\/wp\/v2\/pages"}],"about":[{"href":"https:\/\/www.focusin-holisticlifestyle.com\/en\/wp-json\/wp\/v2\/types\/page"}],"author":[{"embeddable":true,"href":"https:\/\/www.focusin-holisticlifestyle.com\/en\/wp-json\/wp\/v2\/users\/1"}],"replies":[{"embeddable":true,"href":"https:\/\/www.focusin-holisticlifestyle.com\/en\/wp-json\/wp\/v2\/comments?post=7594"}],"version-history":[{"count":2,"href":"https:\/\/www.focusin-holisticlifestyle.com\/en\/wp-json\/wp\/v2\/pages\/7594\/revisions"}],"predecessor-version":[{"id":7731,"href":"https:\/\/www.focusin-holisticlifestyle.com\/en\/wp-json\/wp\/v2\/pages\/7594\/revisions\/7731"}],"wp:featuredmedia":[{"embeddable":true,"href":"https:\/\/www.focusin-holisticlifestyle.com\/en\/wp-json\/wp\/v2\/media\/8320"}],"wp:attachment":[{"href":"https:\/\/www.focusin-holisticlifestyle.com\/en\/wp-json\/wp\/v2\/media?parent=7594"}],"curies":[{"name":"wp","href":"https:\/\/api.w.org\/{rel}","templated":true}]}}